{"id":32,"date":"2008-04-30T13:05:11","date_gmt":"2008-04-30T11:05:11","guid":{"rendered":"https:\/\/medina-psicologia.ugr.es\/ciencia\/?page_id=32"},"modified":"2025-03-23T19:42:05","modified_gmt":"2025-03-23T17:42:05","slug":"alertas-de-contenido","status":"publish","type":"page","link":"https:\/\/www.cienciacognitiva.org\/?page_id=32","title":{"rendered":"S\u00edguenos"},"content":{"rendered":"<p>Registrarte al servicio de alertas (por cualquier sistema) sirve para ser informado c\u00f3modamente de las actualizaciones en Ciencia Cognitiva. Pero tambi\u00e9n sirve para apoyar esta revista, d\u00e1ndonos un \u00edndice del volumen de nuestra audiencia. Por tanto, si Ciencia Cognitiva es parte de tus lecturas habituales, te animamos a que te suscribas.<\/p>\n<p>Puedes mantenerte al tanto de la aparici\u00f3n de nuevos contenidos en Ciencia Cognitiva mediante:<\/p>\n<p><strong>RSS: <\/strong><a title=\"feed\" href=\"https:\/\/www.cienciacognitiva.org\/?feed=rss2\">Haz click aqu\u00ed<\/a> y suscr\u00edbete usando un lector de noticias RSS.<\/p>\n<p><strong>Twitter \/ X:<\/strong> <a title=\"Twitter\" href=\"https:\/\/twitter.com\/cienciacog\" target=\"_blank\" rel=\"noopener noreferrer\">haz click aqu\u00ed<\/a>.<\/p>\n<p><strong>Bluesky: <\/strong><a href=\"https:\/\/bsky.app\/profile\/cienciacog.bsky.social\" target=\"_blank\" rel=\"noopener\">haz click aqu\u00ed<\/a>.<\/p>\n<p><strong>Facebook:<\/strong> <a title=\"Ciencia Cognitiva en Facebook\" href=\"https:\/\/www.facebook.com\/Ciencia-Cognitiva-192332624112358\/\" target=\"_blank\" rel=\"noopener noreferrer\">haz click aqu\u00ed<\/a>.<\/p>\n<p><strong>Pol\u00edtica de privacidad para datos de email: <\/strong>Ciencia Cognitiva solamente utilizar\u00e1 tu email para enviarte notificaciones de nuevos art\u00edculos publicados. <em>Nunca<\/em> lo compartiremos con terceras partes ni enviaremos publicidad.<\/p>\n<p><div class=\"tnp tnp-subscription \">\n<form method=\"post\" action=\"https:\/\/www.cienciacognitiva.org\/wp-admin\/admin-ajax.php?action=tnp&amp;na=s\">\n<input type=\"hidden\" name=\"nlang\" value=\"\">\n<div class=\"tnp-field tnp-field-email\"><label for=\"tnp-1\">Email<\/label>\n<input class=\"tnp-email\" type=\"email\" name=\"ne\" id=\"tnp-1\" value=\"\" placeholder=\"\" required><\/div>\n<div class=\"tnp-field tnp-privacy-field\"><label><input type=\"checkbox\" name=\"ny\" required class=\"tnp-privacy\"> Marca aqu\u00ed para aceptar la pol\u00edtica de privacidad<\/label><\/div><div class=\"tnp-field tnp-field-button\" style=\"text-align: left\"><input class=\"tnp-submit\" type=\"submit\" value=\"Suscribirse\" style=\"\">\n<\/div>\n<\/form>\n<\/div>\n<\/p>\n","protected":false},"excerpt":{"rendered":"<p>Registrarte al servicio de alertas (por cualquier sistema) sirve para ser informado c\u00f3modamente de las actualizaciones en Ciencia Cognitiva. Pero <span class=\"ellipsis\">&hellip;<\/span> <span class=\"more-link-wrap\"><a href=\"https:\/\/www.cienciacognitiva.org\/?page_id=32\" class=\"more-link\"><span>Read More &rarr;<\/span><\/a><\/span><\/p>\n","protected":false},"author":4,"featured_media":0,"parent":0,"menu_order":0,"comment_status":"closed","ping_status":"closed","template":"","meta":{"footnotes":""},"class_list":["post-32","page","type-page","status-publish","hentry"],"_links":{"self":[{"href":"https:\/\/www.cienciacognitiva.org\/index.php?rest_route=\/wp\/v2\/pages\/32","targetHints":{"allow":["GET"]}}],"collection":[{"href":"https:\/\/www.cienciacognitiva.org\/index.php?rest_route=\/wp\/v2\/pages"}],"about":[{"href":"https:\/\/www.cienciacognitiva.org\/index.php?rest_route=\/wp\/v2\/types\/page"}],"author":[{"embeddable":true,"href":"https:\/\/www.cienciacognitiva.org\/index.php?rest_route=\/wp\/v2\/users\/4"}],"replies":[{"embeddable":true,"href":"https:\/\/www.cienciacognitiva.org\/index.php?rest_route=%2Fwp%2Fv2%2Fcomments&post=32"}],"version-history":[{"count":14,"href":"https:\/\/www.cienciacognitiva.org\/index.php?rest_route=\/wp\/v2\/pages\/32\/revisions"}],"predecessor-version":[{"id":2504,"href":"https:\/\/www.cienciacognitiva.org\/index.php?rest_route=\/wp\/v2\/pages\/32\/revisions\/2504"}],"wp:attachment":[{"href":"https:\/\/www.cienciacognitiva.org\/index.php?rest_route=%2Fwp%2Fv2%2Fmedia&parent=32"}],"curies":[{"name":"wp","href":"https:\/\/api.w.org\/{rel}","templated":true}]}}